{"id":284,"date":"2015-08-05T17:43:34","date_gmt":"2015-08-05T15:43:34","guid":{"rendered":"http:\/\/eatparade.eu\/?page_id=284"},"modified":"2018-03-18T23:25:40","modified_gmt":"2018-03-18T22:25:40","slug":"privacy","status":"publish","type":"page","link":"https:\/\/eatparade.eu\/en\/privacy\/","title":{"rendered":"Privacy"},"content":{"rendered":"PERCHE\u2019 QUESTO AVVISO<br \/>\nGrazie per dedicare qualche minuto alla consultazione di questa sezione del nostro sito Web. La tua privacy \u00e8 molto importante per EATPARADE.EU e per tutelarla al meglio, ti forniamo queste note in cui troverai indicazioni sul tipo di informazioni raccolte online e sulle varie possibilit\u00e0 che hai di intervenire nella raccolta e nell\u2019utilizzo di tali informazioni nel sito.<br \/>\nSi tratta di un\u2019informativa che \u00e8 resa anche ai sensi dell\u2019art.13 del D.Lgs. n\u00b0 196\/2003 del Codice in materia di protezione dei dati personali a coloro che interagiscono con i servizi Web EATPARADE.EU , accessibili per via telematica a partire dall\u2019indirizzo: http:\/\/EATPARADE.EU corrispondente alla pagina iniziale del sito ufficiale di EATPARADE.EU<br \/>\nL\u2019informativa \u00e8 resa solo per il sito di EATPARADE.EU di propriet\u00e0 di Massimiliano Quintliani e non anche per altri siti Web eventualmente consultati dall\u2019utente tramite link.<br \/>\nL\u2019informativa si ispira anche alla Raccomandazione n. 2\/2001 che le autorit\u00e0 europee per la protezione dei dati personali, riunite nel Gruppo istituito dall\u2019art.29\u00a0della Direttiva Europea N\u00b0 95\/46\/CE, hanno adottato il 17 maggio 2001 per individuare alcuni requisiti minimi per la raccolta di dati personali on-line, e, in particolare, le modalit\u00e0 , i tempi e la natura delle informazioni che i titolari del trattamento devono fornire agli utenti quando questi si collegano a pagine web, indipendentemente dagli scopi del collegamento.<br \/>\nIL TITOLARE DEL TRATTAMENTO<br \/>\nA seguito della consultazione di questo sito possono essere trattati dati relativi a persone identificate o identificabili. Il titolare del trattamento dei dati \u00e8 Massimiliano Quintiliani con domicilio in Via G. L. Bernini, 45 80129 Napoli.<br \/>\nLUOGO DI TRATTAMENTO DEI DATI<br \/>\nI trattamenti connessi ai servizi Web di questo sito hanno luogo presso la predetta sede e sono curati solo da personale tecnico incaricato del trattamento, oppure da eventuali incaricati di occasionali operazioni di manutenzione. Nessun dato derivante dal servizio web viene comunicato o diffuso. I dati personali forniti dagli utenti che inoltrano richieste di invio di materiale informativo (quali newsletter, ecc) sono utilizzati al solo fine di eseguire il servizio o la prestazione richiesta.<br \/>\nTIPI DI DATI TRATTATI<br \/>\nDati di navigazione I sistemi informatici e le procedure software preposte al funzionamento di questo sito Web acquisiscono, nel corso del loro normale esercizio, alcuni dati personali la cui trasmissione \u00e8 implicita nell\u2019uso dei protocolli di comunicazione di Internet.<br \/>\nSi tratta di informazioni che non sono raccolte per essere associate a interessati identificati, ma che per loro stessa natura potrebbero, attraverso elaborazioni ed associazioni con dati detenuti da terzi, permettere di identificare gli utenti. In questa categoria di dati rientrano gli indirizzi IP o i nomi a dominio dei computer utilizzati dagli utenti che si connettono al sito, gli indirizzi in notazione URI (Uniform Resource Identifier) delle risorse richieste, l\u2019orario della richiesta, il metodo utilizzato nel sottoporre la richiesta al server, la dimensione del file ottenuto in risposta, il codice numerico indicante lo stato della risposta data dal server (buon fine, errore, ecc.) ed altri parametri relativi al sistema operativo e all\u2019ambiente informatico dell\u2019utente.<br \/>\nQuesti dati vengono utilizzati al solo fine di ricavare informazioni statistiche anonime sull\u2019uso del sito e per controllarne il corretto funzionamento. I dati potrebbero essere utilizzati per l\u2019accertamento di responsabilit\u00e0 in caso di ipotetici reati informatici ai danni del sito solo su richiesta degli organi di vigilanza preposti.<br \/>\nDati forniti volontariamente dall\u2019utente<br \/>\nL\u2019invio facoltativo, esplicito e volontario di posta elettronica agli indirizzi indicati su questo sito comporta la successiva acquisizione dell\u2019indirizzo del mittente, necessario per rispondere alle richieste, nonch\u00e8 degli eventuali altri dati personali inseriti nella missiva.<br \/>\nCookie Policy<br \/>\nIn linea con la legislazione Europea, Medeaterranea garantisce che ogni utente del sito web comprenda cosa sono i cookies e per quale motivo vengono utilizzati, in modo che gli utenti stessi possano decidere consapevolmente se accettarne l&#8217;utilizzo o no sui loro devices.<br \/>\nUn cookie \u00e8 un piccolo file di testo contenente un numero di identificazione univoco che viene trasferito dal sito web sul disco rigido del vostro computer attraverso un codice anonimo in grado di identificare il computer ma non l&#8217;utente e di monitorare passivamente le vostre attivit\u00e0 sul sito.<br \/>\nI cookies possono essere classificati in quattro categorie, in base alle loro funzionalit\u00e0:<br \/>\n\u00b7\u00a0\u00a0\u00a0\u00a0\u00a0\u00a0\u00a0\u00a0\u00a0Cookies strettamente necessari<br \/>\n\u00b7\u00a0\u00a0\u00a0\u00a0\u00a0\u00a0\u00a0\u00a0\u00a0Cookies sulle prestazioni<br \/>\n\u00b7\u00a0\u00a0\u00a0\u00a0\u00a0\u00a0\u00a0\u00a0\u00a0Cookies funzionali<br \/>\n\u00b7\u00a0\u00a0\u00a0\u00a0\u00a0\u00a0\u00a0\u00a0\u00a0Targeting cookies e cookies di pubblicit\u00e0<br \/>\nVi preghiamo di considerare che alcune funzionalit\u00e0 del sito web potrebbero essere ridotte o non disponibili disabilitando i cookies.<br \/>\nFirefox<br \/>\nDal menu in alto nella finestra di Firefox fare clic sul pulsante Firefox (menu Strumenti in Windows XP) e selezionare Opzioni.<br \/>\nSelezionare il pannello Privacy.<br \/>\nAlla voce Impostazioni cronologia: selezionare utilizza impostazioni personalizzate.<br \/>\nPer attivare i cookie, contrassegnare la voce Accetta i cookie dai siti; per disattivarli togliere il contrassegno dalla voce.<br \/>\nScegliere per quanto tempo i cookie possono rimanere memorizzati.<br \/>\nFare clic su OK per chiudere la finestra delle opzioni. Fare clic su Chiudi per chiudere la finestra delle preferenze. Chiudere la finestra delle preferenze.<br \/>\nInternet Explorer<br \/>\nSelezionare &#8220;Strumenti&#8221; nella barra in alto a destra, poi &#8220;Opzioni Internet&#8221;.<br \/>\nSelezionare scheda &#8220;Privacy&#8221; della finestra di dialogo Propriet\u00e0 Internet.<br \/>\nScegliere il livello di Privacy desiderato utilizzando il cursore<br \/>\nCome eliminare i cookies:<br \/>\n1. Nella scheda Generale della finestra di dialogo Propriet\u00e0 Internet, fare clic su Elimina in Cronologia esplorazioni.<br \/>\n2. Nella finestra di dialogo Elimina cronologia esplorazioni, deselezionare tutte le caselle di controllo ad eccezione della casella Cookie, quindi fare clic su Elimina.<br \/>\nChrome<br \/>\nFai clic sull&#8217;icona della chiave inglese sulla barra degli strumenti del browser.<br \/>\nSeleziona Impostazioni.<br \/>\nFai clic su Mostra impostazioni avanzate.<br \/>\nNella sezione &#8220;Privacy&#8221;, fai clic sul pulsante Impostazioni contenuti.<br \/>\nNella sezione &#8220;Cookie&#8221; puoi modificare le seguenti impostazioni relative ai cookie:<br \/>\nEliminazione dei cookie<br \/>\n1. Fai clic su Tutti i cookie e i dati dei siti per aprire la finestra di dialogo Cookie e altri dati.<br \/>\n2. Per eliminare tutti i cookie, fai clic su Rimuovi tutti nella parte inferiore della finestra di dialogo.<br \/>\n3. Per eliminare un cookie specifico, seleziona il sito che ha inviato il cookie e il cookie, poi fai clic su Rimuovi.<br \/>\n4. Puoi anche decidere di rimuovere tutti i cookie creati durante un periodo di tempo specifico utilizzando la finestra di dialogo Cancella dati di navigazione.<br \/>\nSe desideri che Google Chrome elimini automaticamente i cookie quando chiudi tutte le finestre del browser, seleziona la casella di controllo &#8220;Cancella cookie e altri dati dei siti quando chiudo il browser&#8221; nella finestra di dialogo Impostazioni contenuti. Puoi anche creare eccezioni in modo che i cookie di determinati siti vengano eliminati ogni volta che chiudi il browser.<br \/>\nSafari<br \/>\nRimuovere i cookies :<br \/>\nFai clic sul menu Safari.<br \/>\nSeleziona Preferenze.<br \/>\nFai clic su Sicurezza.<br \/>\nFai clic su Mostra cookie.<br \/>\nFai clic su Rimuovi tutto.<br \/>\nFai clic su Fine per chiudere l&#8217;elenco di cookie.<br \/>\nChiudi la finestra di dialogo &#8220;Preferenze&#8221;.<br \/>\nGestire i cookies:<br \/>\n1. Scegli menu Azione poi Preferenze, quindi fai clic su Sicurezza (il \u201cMenu azione\u201d \u00e8 situato accanto all\u2019angolo in alto a destra della finestra Safari e contiene un\u2019icona a forma di ingranaggio).<br \/>\n2. Nella sezione \u201cAccetta cookie\u201d, specifica se e quando Safari dovr\u00e0 accettare i cookie dai siti web. Per una spiegazione delle opzioni, fai clic sul pulsante Guida (dall\u2019aspetto simile a un punto interrogativo).<br \/>\n3. Se desideri ulteriori informazioni sui cookie memorizzati sul tuo computer, fai clic su Mostra cookie.<\/p>\n<p>FACOLTATIVITA\u2019 DEL CONFERIMENTO DEI DATI<br \/>\nA parte quanto specificato per i dati di navigazione, l\u2019utente \u00e8 libero di fornire i dati personali riportati nei moduli di richiesta a EATPARADE.EU o comunque indicati in contatti per sollecitare l\u2019invio di materiale informativo o di altre comunicazioni. Il loro mancato conferimento pu\u00f2 comportare l\u2019impossibilit\u00e0 di ottenere quanto richiesto.<br \/>\nPARTE RISERVATA PER I MINORENNI<br \/>\nNessuna persona di et\u00e0 inferiore ai 18 anni, senza previo consenso dei genitori o di chi ne fa le veci, potr\u00e0 inviare informazioni a questo sito Web, ne tantomeno potr\u00e0 fare acquisti o perfezionare atti legali presso questo sito senza il suddetto consenso, a meno che ci\u00f2 non sia consentito dalle norme in vigore.<br \/>\nMODALITA\u2019 DEL TRATTAMENTO<br \/>\nI dati personali sono trattati con strumenti automatizzati per il tempo strettamente necessario a conseguire gli scopi per cui sono stati raccolti. Specifiche misure di sicurezza sono osservate per prevenire la perdita dei dati, usi illeciti o non corretti ed accessi non autorizzati.<br \/>\nDIRITTI DEGLI INTERESSATI<br \/>\nI soggetti cui si riferiscono i dati personali hanno il diritto in qualunque momento di ottenere la conferma dell\u2019esistenza o meno dei medesimi dati e di conoscerne il contenuto e l\u2019origine, verificarne l\u2019esattezza o chiederne l\u2019integrazione o l\u2019aggiornamento, oppure la rettifica (art.7 del D.Lgs. n\u00b0 196\/2003). Ai sensi del medesimo articolo si ha il diritto di chiedere la cancellazione, la trasformazione in forma anonima o il blocco dei dati trattati in violazione di legge, nonch\u00e8 di opporsi in ogni caso, per motivi legittimi, al loro trattamento. Chiunque dovesse avere dubbi riguardanti il rispetto della politica per la tutela della privacy adottata da EATPARADE.EU e la sua applicazione, l\u2019accuratezza dei tuoi dati personali o l\u2019utilizzo delle informazioni raccolte pu\u00f2 contattarci tramite e-mail all\u2019indirizzo massimilianoquintiliani@gmail.com","protected":false},"excerpt":{"rendered":"<p>PERCHE\u2019 QUESTO AVVISO Grazie per dedicare qualche minuto alla consultazione di questa sezione del nostro sito Web. La tua privacy \u00e8 molto importante per EATPARADE.EU e per tutelarla al meglio, ti forniamo queste note in cui troverai indicazioni sul tipo di informazioni raccolte online e sulle varie possibilit\u00e0 che hai di intervenire nella raccolta e [&hellip;]<\/p>\n","protected":false},"author":1,"featured_media":0,"parent":0,"menu_order":0,"comment_status":"open","ping_status":"open","template":"","meta":{"_acf_changed":false,"footnotes":""},"categories":[],"tags":[],"class_list":["post-284","page","type-page","status-publish","hentry"],"acf":[],"aioseo_notices":[],"_links":{"self":[{"href":"https:\/\/eatparade.eu\/en\/wp-json\/wp\/v2\/pages\/284","targetHints":{"allow":["GET"]}}],"collection":[{"href":"https:\/\/eatparade.eu\/en\/wp-json\/wp\/v2\/pages"}],"about":[{"href":"https:\/\/eatparade.eu\/en\/wp-json\/wp\/v2\/types\/page"}],"author":[{"embeddable":true,"href":"https:\/\/eatparade.eu\/en\/wp-json\/wp\/v2\/users\/1"}],"replies":[{"embeddable":true,"href":"https:\/\/eatparade.eu\/en\/wp-json\/wp\/v2\/comments?post=284"}],"version-history":[{"count":2,"href":"https:\/\/eatparade.eu\/en\/wp-json\/wp\/v2\/pages\/284\/revisions"}],"predecessor-version":[{"id":1497,"href":"https:\/\/eatparade.eu\/en\/wp-json\/wp\/v2\/pages\/284\/revisions\/1497"}],"wp:attachment":[{"href":"https:\/\/eatparade.eu\/en\/wp-json\/wp\/v2\/media?parent=284"}],"wp:term":[{"taxonomy":"category","embeddable":true,"href":"https:\/\/eatparade.eu\/en\/wp-json\/wp\/v2\/categories?post=284"},{"taxonomy":"post_tag","embeddable":true,"href":"https:\/\/eatparade.eu\/en\/wp-json\/wp\/v2\/tags?post=284"}],"curies":[{"name":"wp","href":"https:\/\/api.w.org\/{rel}","templated":true}]}}